{"id":4065,"date":"2021-05-25T13:31:38","date_gmt":"2021-05-25T10:31:38","guid":{"rendered":"http:\/\/localhost\/tst\/?page_id=4065"},"modified":"2024-08-26T15:55:44","modified_gmt":"2024-08-26T12:55:44","slug":"contact","status":"publish","type":"page","link":"https:\/\/tstorthopedics.com\/en\/contact\/","title":{"rendered":"Contact"},"content":{"rendered":"<p>[vc_row full_width=&#8221;stretch_row&#8221;][vc_column]<div class=\"tlg-custom-embed \"><iframe style=\"height: 500px;\" frameborder=\"0\" scrolling=\"no\" marginheight=\"0\" marginwidth=\"0\" src=\"https:\/\/maps.google.com\/maps?q=TST%20T%C4%B1bbi%20Aletler&amp;t=m&amp;z=14&amp;output=embed&amp;iwloc=near\" aria-label=\"TST T\u0131bbi Aletler\"><\/iframe><\/div>[\/vc_column][\/vc_row][vc_row tlg_background_style=&#8221;bg-secondary&#8221;][vc_column width=&#8221;5\/12&#8243;]<div class=\"headings-title\"><div class=\"mb16 mb-xs-40 text-left\"><h5  class=\"widgettitle mb0\">Contact Us<\/h5><\/div><\/div>[vc_column_text]<strong>TST T\u0131bbi Aletler San. Ve Tic. Ltd. \u015eti.<\/strong><\/p>\n<p>Sanayi Mah. \u015eehit Cevdet \u00c7elenk Cd. No:3 34906 Pendik\/\u0130stanbul<br \/>\n<strong>Tel:<\/strong> +90 850 399 83 97 | +90 216 595 01 82 | +90 216 378 60 02 | +90 216 378 60 03<br \/>\n<strong>Fax:<\/strong> +90 216 595 03 31<br \/>\n<strong>E-mail:<\/strong> <a href=\"mailto:info@tstsan.com\">info@tstsan.com<\/a>[\/vc_column_text][\/vc_column][vc_column width=&#8221;7\/12&#8243;]<div role=\"form\" class=\"wpcf7\" id=\"wpcf7-f678-o3\" lang=\"en-US\" dir=\"ltr\">\n<div class=\"screen-reader-response\"><p role=\"status\" aria-live=\"polite\" aria-atomic=\"true\"><\/p> <ul><\/ul><\/div>\n<form action=\"\/en\/wp-json\/wp\/v2\/pages\/4065#wpcf7-f678-o3\" method=\"post\" class=\"wpcf7-form init\" novalidate=\"novalidate\" data-status=\"init\">\n<div style=\"display: none;\">\n<input type=\"hidden\" name=\"_wpcf7\" value=\"678\" \/>\n<input type=\"hidden\" name=\"_wpcf7_version\" value=\"5.5.3\" \/>\n<input type=\"hidden\" name=\"_wpcf7_locale\" value=\"en_US\" \/>\n<input type=\"hidden\" name=\"_wpcf7_unit_tag\" value=\"wpcf7-f678-o3\" \/>\n<input type=\"hidden\" name=\"_wpcf7_container_post\" value=\"0\" \/>\n<input type=\"hidden\" name=\"_wpcf7_posted_data_hash\" value=\"\" \/>\n<input type=\"hidden\" name=\"_wpcf7_recaptcha_response\" value=\"\" \/>\n<\/div>\n<div class=\"overflow-hidden\">\n<div class=\"half-column half-column-left\">\n<span class=\"wpcf7-form-control-wrap text-isim\"><input type=\"text\" name=\"text-isim\" value=\"\" size=\"40\" class=\"wpcf7-form-control wpcf7-text wpcf7-validates-as-required\" aria-required=\"true\" aria-invalid=\"false\" placeholder=\"Name Surname\" \/><\/span><span class=\"wpcf7-form-control-wrap email-s\"><input type=\"email\" name=\"email-s\" value=\"\" size=\"40\" class=\"wpcf7-form-control wpcf7-text wpcf7-email wpcf7-validates-as-required wpcf7-validates-as-email\" aria-required=\"true\" aria-invalid=\"false\" placeholder=\"E-mail\" \/><\/span><span class=\"wpcf7-form-control-wrap sub\"><input type=\"text\" name=\"sub\" value=\"\" size=\"40\" class=\"wpcf7-form-control wpcf7-text wpcf7-validates-as-required\" aria-required=\"true\" aria-invalid=\"false\" placeholder=\"Subject\" \/><\/span><\/div>\n<div class=\"half-column half-column-right\">\n<span class=\"wpcf7-form-control-wrap textarea-mes\"><textarea name=\"textarea-mes\" cols=\"40\" rows=\"10\" class=\"wpcf7-form-control wpcf7-textarea\" aria-invalid=\"false\" placeholder=\"Message\"><\/textarea><\/span><\/div>\n<p><input type=\"submit\" value=\"Send Message\" class=\"wpcf7-form-control has-spinner wpcf7-submit\" \/>\n<\/p><\/div>\n<input type='hidden' class='wpcf7-pum' value='{\"closepopup\":false,\"closedelay\":0,\"openpopup\":false,\"openpopup_id\":0}' \/><div class=\"wpcf7-response-output\" aria-hidden=\"true\"><\/div><\/form><\/div>[\/vc_column][\/vc_row][vc_row tlg_background_style=&#8221;bg-dark&#8221; tlg_enable_overlay=&#8221;yes&#8221; tlg_bg_video_style=&#8221;video&#8221; tlg_bg_video_url=&#8221;http:\/\/localhost\/tst\/wp-content\/uploads\/2016\/02\/video_people.mp4&#8243; tlg_bg_video_url_2=&#8221;http:\/\/localhost\/tst\/wp-content\/uploads\/2016\/02\/video_people.webm&#8221; tlg_bg_overlay=&#8221;#0cb4ce&#8221;][vc_column][vc_column_text]<\/p>\n<h1 class=\"heading-title-thin small\">Subscribe<\/h1>\n<p class=\"lead fade-color\">Get news about educational events and new products<\/p>\n<p>[\/vc_column_text]<div role=\"form\" class=\"wpcf7\" id=\"wpcf7-f518-o4\" lang=\"en-US\" dir=\"ltr\">\n<div class=\"screen-reader-response\"><p role=\"status\" aria-live=\"polite\" aria-atomic=\"true\"><\/p> <ul><\/ul><\/div>\n<form action=\"\/en\/wp-json\/wp\/v2\/pages\/4065#wpcf7-f518-o4\" method=\"post\" class=\"wpcf7-form init\" novalidate=\"novalidate\" data-status=\"init\">\n<div style=\"display: none;\">\n<input type=\"hidden\" name=\"_wpcf7\" value=\"518\" \/>\n<input type=\"hidden\" name=\"_wpcf7_version\" value=\"5.5.3\" \/>\n<input type=\"hidden\" name=\"_wpcf7_locale\" value=\"en_US\" \/>\n<input type=\"hidden\" name=\"_wpcf7_unit_tag\" value=\"wpcf7-f518-o4\" \/>\n<input type=\"hidden\" name=\"_wpcf7_container_post\" value=\"0\" \/>\n<input type=\"hidden\" name=\"_wpcf7_posted_data_hash\" value=\"\" \/>\n<input type=\"hidden\" name=\"_wpcf7_recaptcha_response\" value=\"\" \/>\n<\/div>\n<div class=\"Newsletter overflow-hidden\">\n<div class=\"half-column half-column-left\">\n<div class=\"half-column half-column-left\">\n<label>Name<\/label> <span class=\"wpcf7-form-control-wrap namesurname\"><input type=\"text\" name=\"namesurname\" value=\"\" size=\"40\" class=\"wpcf7-form-control wpcf7-text wpcf7-validates-as-required\" aria-required=\"true\" aria-invalid=\"false\" placeholder=\"Name\" \/><\/span>\n<\/div>\n<div class=\"half-column half-column-right\">\n<label>E-Mail<\/label><span class=\"wpcf7-form-control-wrap your-email\"><input type=\"email\" name=\"your-email\" value=\"\" size=\"40\" class=\"wpcf7-form-control wpcf7-text wpcf7-email wpcf7-validates-as-required wpcf7-validates-as-email\" aria-required=\"true\" aria-invalid=\"false\" placeholder=\"E-Mail Address\" \/><\/span>\n<\/div>\n<\/div>\n<div class=\"half-column half-column-right\">\n<div class=\"half-column half-column-left\">\n   <span class=\"wpcf7-form-control-wrap quiz-448\"><label><span class=\"wpcf7-quiz-label\">2+4 ?<\/span> <input type=\"text\" name=\"quiz-448\" size=\"40\" class=\"wpcf7-form-control wpcf7-quiz\" autocomplete=\"off\" aria-required=\"true\" aria-invalid=\"false\" \/><\/label><input type=\"hidden\" name=\"_wpcf7_quiz_answer_quiz-448\" value=\"7514b908f86d7461a6dea91bc2ab05c2\" \/><\/span>\n<\/div>\n<div class=\"half-column half-column-right\">\n<label style=\"opacity:0\">Name<\/label> <input type=\"submit\" value=\"KAYDET\" class=\"wpcf7-form-control has-spinner wpcf7-submit\" \/>\n<\/div>\n<\/div>\n<\/div>\n<input type='hidden' class='wpcf7-pum' value='{\"closepopup\":false,\"closedelay\":0,\"openpopup\":false,\"openpopup_id\":0}' \/><div class=\"wpcf7-response-output\" aria-hidden=\"true\"><\/div><\/form><\/div>[\/vc_column][\/vc_row]<\/p>","protected":false},"excerpt":{"rendered":"<p>[vc_row full_width=&#8221;stretch_row&#8221;][vc_column][\/vc_column][\/vc_row][vc_row tlg_background_style=&#8221;bg-secondary&#8221;][vc_column width=&#8221;5\/12&#8243;][vc_column_text]TST T\u0131bbi Aletler San. Ve Tic. Ltd. \u015eti. Sanayi Mah. \u015eehit Cevdet \u00c7elenk&#8230;<\/p>\n","protected":false},"author":1,"featured_media":3430,"parent":0,"menu_order":0,"comment_status":"closed","ping_status":"closed","template":"","meta":{"_mc_calendar":[],"footnotes":""},"class_list":["post-4065","page","type-page","status-publish","has-post-thumbnail","hentry"],"_links":{"self":[{"href":"https:\/\/tstorthopedics.com\/en\/wp-json\/wp\/v2\/pages\/4065","targetHints":{"allow":["GET"]}}],"collection":[{"href":"https:\/\/tstorthopedics.com\/en\/wp-json\/wp\/v2\/pages"}],"about":[{"href":"https:\/\/tstorthopedics.com\/en\/wp-json\/wp\/v2\/types\/page"}],"author":[{"embeddable":true,"href":"https:\/\/tstorthopedics.com\/en\/wp-json\/wp\/v2\/users\/1"}],"replies":[{"embeddable":true,"href":"https:\/\/tstorthopedics.com\/en\/wp-json\/wp\/v2\/comments?post=4065"}],"version-history":[{"count":39,"href":"https:\/\/tstorthopedics.com\/en\/wp-json\/wp\/v2\/pages\/4065\/revisions"}],"predecessor-version":[{"id":9918,"href":"https:\/\/tstorthopedics.com\/en\/wp-json\/wp\/v2\/pages\/4065\/revisions\/9918"}],"wp:featuredmedia":[{"embeddable":true,"href":"https:\/\/tstorthopedics.com\/en\/wp-json\/wp\/v2\/media\/3430"}],"wp:attachment":[{"href":"https:\/\/tstorthopedics.com\/en\/wp-json\/wp\/v2\/media?parent=4065"}],"curies":[{"name":"wp","href":"https:\/\/api.w.org\/{rel}","templated":true}]}}