{"id":4052,"date":"2021-05-25T13:06:08","date_gmt":"2021-05-25T10:06:08","guid":{"rendered":"http:\/\/localhost\/tst\/?page_id=4052"},"modified":"2023-11-15T17:55:07","modified_gmt":"2023-11-15T14:55:07","slug":"tst-social","status":"publish","type":"page","link":"https:\/\/tstorthopedics.com\/es\/tst-social\/","title":{"rendered":"TST Social"},"content":{"rendered":"<p>[vc_row full_width=\u00bbstretch_row\u00bb disable_element=\u00bbyes\u00bb][vc_column]\n\t\t\t<!-- START AnasayfaSlider REVOLUTION SLIDER 6.4.3 --><p class=\"rs-p-wp-fix\"><\/p>\n\t\t\t<rs-module-wrap id=\"rev_slider_2_5_wrapper\" data-source=\"gallery\" style=\"background:transparent;padding:0;margin:0px auto;margin-top:0;margin-bottom:0;\">\n\t\t\t\t<rs-module id=\"rev_slider_2_5\" style=\"\" data-version=\"6.4.3\">\n\t\t\t\t\t<rs-slides>\n\t\t\t\t\t\t<rs-slide data-key=\"rs-10\" data-title=\"Slide\" data-duration=\"8000\" data-anim=\"ms:490;\" data-in=\"o:0;\" data-out=\"a:false;\">\n\t\t\t\t\t\t\t<img loading=\"lazy\" decoding=\"async\" src=\"\/\/tstorthopedics.com\/wp-content\/plugins\/revslider\/public\/assets\/assets\/transparent.png\" alt=\"Slide\" title=\"tstcare_10_layer.jpeg\" width=\"1920\" height=\"600\" data-bg=\"p:center top;c:#ffffff;f:100% 100%;\" data-parallax=\"off\" class=\"rev-slidebg\" data-no-retina>\n<!--\n\t\t\t\t\t\t\t--><rs-layer\n\t\t\t\t\t\t\t\tid=\"slider-2-slide-10-layer-0\" \n\t\t\t\t\t\t\t\tclass=\"rs-layer-video intrinsic-ignore\"\n\t\t\t\t\t\t\t\tdata-type=\"video\"\n\t\t\t\t\t\t\t\tdata-rsp_ch=\"on\"\n\t\t\t\t\t\t\t\tdata-xy=\"x:c;\"\n\t\t\t\t\t\t\t\tdata-text=\"w:normal;s:20,20,20,7;l:0,0,0,9;\"\n\t\t\t\t\t\t\t\tdata-dim=\"w:1920px,1920px,1920px,976px;h:600px,600px,600px,305px;\"\n\t\t\t\t\t\t\t\tdata-video=\"vfc:true;vd:100;l:true;ptimer:false;nse:f;sav:f;afs:f;\"\n\t\t\t\t\t\t\t\tdata-poster=\"\/\/tstorthopedics.com\/wp-content\/uploads\/revslider\/video-media\/tstcarelogo_10_layer.jpeg\"\n\t\t\t\t\t\t\t\tdata-mp4=\"\/\/tstorthopedics.com\/wp-content\/uploads\/2021\/12\/tstcarelogo.mp4\"\n\t\t\t\t\t\t\t\tdata-frame_1=\"e:none;st:280;sp:800;sR:280;\"\n\t\t\t\t\t\t\t\tdata-frame_999=\"o:0;st:w;sR:6920;\"\n\t\t\t\t\t\t\t\tstyle=\"z-index:8;\"\n\t\t\t\t\t\t\t>\n\t\t\t\t\t\t\t<\/rs-layer><!--\n\n\t\t\t\t\t\t\t--><rs-layer\n\t\t\t\t\t\t\t\tid=\"slider-2-slide-10-layer-1\" \n\t\t\t\t\t\t\t\tclass=\"rs-pxl-1\"\n\t\t\t\t\t\t\t\tdata-type=\"text\"\n\t\t\t\t\t\t\t\tdata-color=\"rgba(255, 255, 255, 0.27)\"\n\t\t\t\t\t\t\t\tdata-rsp_ch=\"on\"\n\t\t\t\t\t\t\t\tdata-xy=\"xo:-4px,-4px,-4px,0;yo:524px,524px,524px,266px;\"\n\t\t\t\t\t\t\t\tdata-text=\"w:normal;s:180,180,180,80;l:25,25,25,9;fw:700;\"\n\t\t\t\t\t\t\t\tdata-dim=\"w:973px,973px,973px,419px;h:159px,159px,159px,208px;\"\n\t\t\t\t\t\t\t\tdata-frame_1=\"st:650;sp:1600;sR:650;\"\n\t\t\t\t\t\t\t\tdata-frame_999=\"o:0;st:w;sR:5750;\"\n\t\t\t\t\t\t\t\tstyle=\"z-index:9;font-family:Poppins;\"\n\t\t\t\t\t\t\t>We Care... \n\t\t\t\t\t\t\t<\/rs-layer><!--\n-->\t\t\t\t\t\t<\/rs-slide>\n\t\t\t\t\t<\/rs-slides>\n\t\t\t\t<\/rs-module>\n\t\t\t\t<script type=\"text\/javascript\">\n\t\t\t\t\tsetREVStartSize({c: 'rev_slider_2_5',rl:[1240,1240,1240,480],el:[600,600,600,300],gw:[1200,1200,1200,480],gh:[600,600,600,300],type:'standard',justify:'',layout:'fullwidth',mh:\"0\"});\n\t\t\t\t\tvar\trevapi2,\n\t\t\t\t\t\ttpj;\n\t\t\t\t\tfunction revinit_revslider25() {\n\t\t\t\t\tjQuery(function() {\n\t\t\t\t\t\ttpj = jQuery;\n\t\t\t\t\t\trevapi2 = tpj(\"#rev_slider_2_5\");\n\t\t\t\t\t\tif(revapi2==undefined || revapi2.revolution == undefined){\n\t\t\t\t\t\t\trevslider_showDoubleJqueryError(\"rev_slider_2_5\");\n\t\t\t\t\t\t}else{\n\t\t\t\t\t\t\trevapi2.revolution({\n\t\t\t\t\t\t\t\tsliderLayout:\"fullwidth\",\n\t\t\t\t\t\t\t\tvisibilityLevels:\"1240,1240,1240,480\",\n\t\t\t\t\t\t\t\tgridwidth:\"1200,1200,1200,480\",\n\t\t\t\t\t\t\t\tgridheight:\"600,600,600,300\",\n\t\t\t\t\t\t\t\tperspective:600,\n\t\t\t\t\t\t\t\tperspectiveType:\"local\",\n\t\t\t\t\t\t\t\teditorheight:\"600,768,388.993,300\",\n\t\t\t\t\t\t\t\tresponsiveLevels:\"1240,1240,1240,480\",\n\t\t\t\t\t\t\t\tprogressBar:{disableProgressBar:true},\n\t\t\t\t\t\t\t\tnavigation: {\n\t\t\t\t\t\t\t\t\tmouseScrollNavigation:false,\n\t\t\t\t\t\t\t\t\twheelCallDelay:1000,\n\t\t\t\t\t\t\t\t\tonHoverStop:false,\n\t\t\t\t\t\t\t\t\ttouch: {\n\t\t\t\t\t\t\t\t\t\ttouchenabled:true,\n\t\t\t\t\t\t\t\t\t\ttouchOnDesktop:true,\n\t\t\t\t\t\t\t\t\t\tswipe_direction:\"vertical\"\n\t\t\t\t\t\t\t\t\t}\n\t\t\t\t\t\t\t\t},\n\t\t\t\t\t\t\t\tparallax: {\n\t\t\t\t\t\t\t\t\tlevels:[5,10,15,20,25,30,35,40,45,46,47,48,49,50,51,55],\n\t\t\t\t\t\t\t\t\ttype:\"mouse\"\n\t\t\t\t\t\t\t\t},\n\t\t\t\t\t\t\t\tfallbacks: {\n\t\t\t\t\t\t\t\t\tallowHTML5AutoPlayOnAndroid:true\n\t\t\t\t\t\t\t\t},\n\t\t\t\t\t\t\t});\n\t\t\t\t\t\t}\n\t\t\t\t\t\t\n\t\t\t\t\t});\n\t\t\t\t\t} \/\/ End of RevInitScript\n\t\t\t\tvar once_revslider25 = false;\n\t\t\t\tif (document.readyState === \"loading\") {document.addEventListener('readystatechange',function() { if((document.readyState === \"interactive\" || document.readyState === \"complete\") && !once_revslider25 ) { once_revslider25 = true; revinit_revslider25();}});} else {once_revslider25 = true; revinit_revslider25();}\n\t\t\t\t<\/script>\n\t\t\t\t<script>\n\t\t\t\t\tvar htmlDivCss = unescape(\".tp-dottedoverlay.twoxtwo%20%7B%20background%3A%20linear-gradient%28to%20bottom%2C%20rgba%280%2C0%2C0%2C0.5%29%200%25%2Crgba%280%2C0%2C0%2C0%29%20100%25%29%20%21important%3B%20%7D\");\n\t\t\t\t\tvar htmlDiv = document.getElementById('rs-plugin-settings-inline-css');\n\t\t\t\t\tif(htmlDiv) {\n\t\t\t\t\t\thtmlDiv.innerHTML = htmlDiv.innerHTML + htmlDivCss;\n\t\t\t\t\t}else{\n\t\t\t\t\t\tvar htmlDiv = document.createElement('div');\n\t\t\t\t\t\thtmlDiv.innerHTML = '<style>' + htmlDivCss + '<\/style>';\n\t\t\t\t\t\tdocument.getElementsByTagName('head')[0].appendChild(htmlDiv.childNodes[0]);\n\t\t\t\t\t}\n\t\t\t\t<\/script>\n\t\t\t<\/rs-module-wrap>\n\t\t\t<!-- END REVOLUTION SLIDER -->\n[\/vc_column][\/vc_row][vc_row disable_element=\u00bbyes\u00bb tlg_padding=\u00bbpt0&#8243; css=\u00bb.vc_custom_1637323215586{padding-top: 30px !important;padding-bottom: 30px !important;background-color: #006ab0 !important;}\u00bb][vc_column width=\u00bb1\/3&#8243;][vc_row_inner][vc_column_inner width=\u00bb1\/4&#8243;][vc_single_image image=\u00bb3950&#8243;][\/vc_column_inner][vc_column_inner width=\u00bb3\/4&#8243;]<div class=\"headings-title\"><div class=\"mb0 mb16 mb-xs-40 text-left\"><h3 style=\"color:#ffffff!important;font-size:20px;line-height:30px;letter-spacing:0px!important;text-transform: none!important;text-shadow:none;font-family:Nunito;font-weight:700;font-style:normal;\" class=\"widgettitle mb0\">Online Katalog<\/h3><div style=\"color:#ffffff!important;font-size:12px;line-height:17px;letter-spacing:0px!important;text-transform: none!important;text-shadow:none;font-family:Nunito;font-weight:300;font-style:normal;\" class=\"widgetsubtitle\">Online Kataloglar\u0131 indirmek i\u00e7in t\u0131klay\u0131n\u0131z<\/div><\/div><\/div>[\/vc_column_inner][\/vc_row_inner][\/vc_column][vc_column width=\u00bb1\/3&#8243;][vc_row_inner][vc_column_inner width=\u00bb1\/4&#8243;][vc_single_image image=\u00bb3957&#8243;][\/vc_column_inner][vc_column_inner width=\u00bb3\/4&#8243;]<div class=\"headings-title\"><div class=\"mb0 mb16 mb-xs-40 text-left\"><h3 style=\"color:#ffffff!important;font-size:20px;line-height:30px;letter-spacing:0px!important;text-transform: none!important;text-shadow:none;font-family:Nunito;font-weight:700;font-style:normal;\" class=\"widgettitle mb0\">Kurumsal<\/h3><div style=\"color:#ffffff!important;font-size:12px;line-height:17px;letter-spacing:0px!important;text-transform: none!important;text-shadow:none;font-family:Nunito;font-weight:300;font-style:normal;\" class=\"widgetsubtitle\">Daima kaliteli \u00fcretim ve m\u00fc\u015fteri memnuniyetinin pe\u015findeyiz.<\/div><\/div><\/div>[\/vc_column_inner][\/vc_row_inner][\/vc_column][vc_column width=\u00bb1\/3&#8243;][vc_row_inner][vc_column_inner width=\u00bb1\/4&#8243;][vc_single_image image=\u00bb3956&#8243;][\/vc_column_inner][vc_column_inner width=\u00bb3\/4&#8243;]<div class=\"headings-title\"><div class=\"mb0 mb16 mb-xs-40 text-left\"><h3 style=\"color:#ffffff!important;font-size:20px;line-height:30px;letter-spacing:0px!important;text-transform: none!important;text-shadow:none;font-family:Nunito;font-weight:700;font-style:normal;\" class=\"widgettitle mb0\">Tan\u0131t\u0131m filmimizi izleyin<\/h3><\/div><\/div>[\/vc_column_inner][\/vc_row_inner][\/vc_column][\/vc_row][vc_row disable_element=\u00bbyes\u00bb][vc_column][vc_row_inner][vc_column_inner el_class=\u00bbShadowBoxes\u00bb width=\u00bb1\/2&#8243;]<div class=\"carousel-slider-outer carousel-slider-outer-post-carousel carousel-slider-outer-4008\" style=\"--carousel-slider-nav-color:#f1f1f1;--carousel-slider-active-nav-color:#000000;--carousel-slider-arrow-size:48px;--carousel-slider-bullet-size:10px\">\n<div id=\"&#039;id-4008\" class=\"carousel-slider carousel-slider-4008 arrows-visibility-hover dots-visibility-never arrows-outside dots-center dots-square owl-carousel\" data-slide-type=\"post-carousel\" data-owl-settings='{\"nav\":true,\"dots\":false,\"slideBy\":1,\"stagePadding\":0,\"margin\":0,\"loop\":false,\"lazyLoad\":false,\"autoplay\":true,\"autoplayTimeout\":5000,\"autoplaySpeed\":500,\"autoplayHoverPause\":false,\"autoWidth\":true,\"responsive\":{\"300\":{\"items\":1},\"576\":{\"items\":2},\"768\":{\"items\":2},\"1024\":{\"items\":3},\"1280\":{\"items\":4},\"1536\":{\"items\":5}}}'>\n<\/div><!-- .carousel-slider-4008 -->\n<\/div><!-- .carousel-slider-outer-4008 -->\n[\/vc_column_inner][vc_column_inner el_class=\u00bbShadowBoxes\u00bb width=\u00bb1\/2&#8243;]<div class=\"carousel-slider-outer carousel-slider-outer-post-carousel carousel-slider-outer-4008\" style=\"--carousel-slider-nav-color:#f1f1f1;--carousel-slider-active-nav-color:#000000;--carousel-slider-arrow-size:48px;--carousel-slider-bullet-size:10px\">\n<div id=\"&#039;id-4008\" class=\"carousel-slider carousel-slider-4008 arrows-visibility-hover dots-visibility-never arrows-outside dots-center dots-square owl-carousel\" data-slide-type=\"post-carousel\" data-owl-settings='{\"nav\":true,\"dots\":false,\"slideBy\":1,\"stagePadding\":0,\"margin\":0,\"loop\":false,\"lazyLoad\":false,\"autoplay\":true,\"autoplayTimeout\":5000,\"autoplaySpeed\":500,\"autoplayHoverPause\":false,\"autoWidth\":true,\"responsive\":{\"300\":{\"items\":1},\"576\":{\"items\":2},\"768\":{\"items\":2},\"1024\":{\"items\":3},\"1280\":{\"items\":4},\"1536\":{\"items\":5}}}'>\n<\/div><!-- .carousel-slider-4008 -->\n<\/div><!-- .carousel-slider-outer-4008 -->\n[\/vc_column_inner][\/vc_row_inner][\/vc_column][\/vc_row][vc_row disable_element=\u00bbyes\u00bb css=\u00bb.vc_custom_1637323229456{background-color: #ece9f2 !important;}\u00bb][vc_column][vc_row_inner][vc_column_inner]<section id=\"blog-6a032f0095c5d\" class=\"p0 text-left\"><div class=\"blog-carousel blog-carousel-detail three-columns\"><div class=\"post-wrap project\">\n    <div class=\"inner-wrap border-none p0\">\n        <a href=\"https:\/\/tstorthopedics.com\/es\/2025-epos-kongresi\/\">\n            <div class=\"post-image bg-overlay mb16\">\n                <img loading=\"lazy\" decoding=\"async\" width=\"600\" height=\"400\" src=\"https:\/\/tstorthopedics.com\/wp-content\/uploads\/2025\/04\/EPOS-25-600x400.jpg\" class=\"background-image wp-post-image\" alt=\"\" \/>                <div class=\"bg-mask\"><i class=\"ti-plus\"><\/i><\/div>\n            <\/div>\n        <\/a>\n        <div class=\"inner-left inner-small\">\n            <div class=\"day\">22<\/div>\n            <div class=\"month\">abr<\/div>\n        <\/div>\n        <div class=\"inner-right inner-small\">\n            <div class=\"post-title\">\n                <h5 class=\"mb0\"><a class=\"link-dark-title\" href=\"https:\/\/tstorthopedics.com\/es\/2025-epos-kongresi\/\">2025 EPOS Annual Meeting Congress<\/a><\/h5>            <\/div>\n            <div class=\"entry-meta mt8 mb16 p0\">\n                                    <span class=\"inline-block\"><span>in<\/span><a href=\"https:\/\/tstorthopedics.com\/es\/category\/fairs\/\" rel=\"category tag\">Ferias<\/a><\/span>\n                            <\/div>\n        <\/div>\n        <div class=\"clearfix\"><\/div>\n        <p>[vc_row][vc_column][vc_row_inner][vc_column_inner width=\u00bb2\/3&#8243;][vc_column_text] 2025 EPOS Annual Meeting Congress [\/vc_column_text][vc_column_text]EPOS 2025 en Toulouse, Francia fue un encuentro incre\u00edble!&#8230;<\/p>\n    <\/div>\n<\/div><div class=\"post-wrap project\">\n    <div class=\"inner-wrap border-none p0\">\n        <a href=\"https:\/\/tstorthopedics.com\/es\/2025-arab-health-fuari-dubai\/\">\n            <div class=\"post-image bg-overlay mb16\">\n                <img loading=\"lazy\" decoding=\"async\" width=\"600\" height=\"400\" src=\"https:\/\/tstorthopedics.com\/wp-content\/uploads\/2025\/04\/ArabHealth-25-600x400.jpg\" class=\"background-image wp-post-image\" alt=\"\" srcset=\"https:\/\/tstorthopedics.com\/wp-content\/uploads\/2025\/04\/ArabHealth-25-600x400.jpg 600w, https:\/\/tstorthopedics.com\/wp-content\/uploads\/2025\/04\/ArabHealth-25-300x200.jpg 300w, https:\/\/tstorthopedics.com\/wp-content\/uploads\/2025\/04\/ArabHealth-25-1024x683.jpg 1024w, https:\/\/tstorthopedics.com\/wp-content\/uploads\/2025\/04\/ArabHealth-25-768x512.jpg 768w, https:\/\/tstorthopedics.com\/wp-content\/uploads\/2025\/04\/ArabHealth-25-1536x1024.jpg 1536w, https:\/\/tstorthopedics.com\/wp-content\/uploads\/2025\/04\/ArabHealth-25-2048x1365.jpg 2048w, https:\/\/tstorthopedics.com\/wp-content\/uploads\/2025\/04\/ArabHealth-25-800x533.jpg 800w\" sizes=\"auto, (max-width: 600px) 100vw, 600px\" \/>                <div class=\"bg-mask\"><i class=\"ti-plus\"><\/i><\/div>\n            <\/div>\n        <\/a>\n        <div class=\"inner-left inner-small\">\n            <div class=\"day\">22<\/div>\n            <div class=\"month\">abr<\/div>\n        <\/div>\n        <div class=\"inner-right inner-small\">\n            <div class=\"post-title\">\n                <h5 class=\"mb0\"><a class=\"link-dark-title\" href=\"https:\/\/tstorthopedics.com\/es\/2025-arab-health-fuari-dubai\/\">2025 Arab Health Expo (Dubai)<\/a><\/h5>            <\/div>\n            <div class=\"entry-meta mt8 mb16 p0\">\n                                    <span class=\"inline-block\"><span>in<\/span><a href=\"https:\/\/tstorthopedics.com\/es\/category\/fairs\/\" rel=\"category tag\">Ferias<\/a><\/span>\n                            <\/div>\n        <\/div>\n        <div class=\"clearfix\"><\/div>\n        <p>[vc_row][vc_column][vc_row_inner][vc_column_inner width=\u00bb2\/3&#8243;][vc_column_text] 2025 Arab Health Expo [\/vc_column_text][vc_column_text]Arab Health 2025 fue una vez m\u00e1s una fuente de&#8230;<\/p>\n    <\/div>\n<\/div><div class=\"post-wrap project\">\n    <div class=\"inner-wrap border-none p0\">\n        <a href=\"https:\/\/tstorthopedics.com\/es\/eposna-2024\/\">\n            <div class=\"post-image bg-overlay mb16\">\n                <img loading=\"lazy\" decoding=\"async\" width=\"600\" height=\"400\" src=\"https:\/\/tstorthopedics.com\/wp-content\/uploads\/2025\/04\/EPOSNA-24-1-600x400.jpeg\" class=\"background-image wp-post-image\" alt=\"\" \/>                <div class=\"bg-mask\"><i class=\"ti-plus\"><\/i><\/div>\n            <\/div>\n        <\/a>\n        <div class=\"inner-left inner-small\">\n            <div class=\"day\">21<\/div>\n            <div class=\"month\">abr<\/div>\n        <\/div>\n        <div class=\"inner-right inner-small\">\n            <div class=\"post-title\">\n                <h5 class=\"mb0\"><a class=\"link-dark-title\" href=\"https:\/\/tstorthopedics.com\/es\/eposna-2024\/\">EPOSNA 2024<\/a><\/h5>            <\/div>\n            <div class=\"entry-meta mt8 mb16 p0\">\n                                    <span class=\"inline-block\"><span>in<\/span><a href=\"https:\/\/tstorthopedics.com\/es\/category\/genel\/\" rel=\"category tag\">General<\/a><\/span>\n                            <\/div>\n        <\/div>\n        <div class=\"clearfix\"><\/div>\n        <p>[vc_row][vc_column][vc_row_inner][vc_column_inner width=\u00bb2\/3&#8243;][vc_column_text] EPOSNA 2024 [\/vc_column_text][vc_column_text]EPOSNA 2024 en Maryland ilumin\u00f3 el futuro de la ortopedia pedi\u00e1trica. Estamos&#8230;<\/p>\n    <\/div>\n<\/div><div class=\"post-wrap project\">\n    <div class=\"inner-wrap border-none p0\">\n        <a href=\"https:\/\/tstorthopedics.com\/es\/2024-arab-health-fuari-dubai\/\">\n            <div class=\"post-image bg-overlay mb16\">\n                <img loading=\"lazy\" decoding=\"async\" width=\"600\" height=\"400\" src=\"https:\/\/tstorthopedics.com\/wp-content\/uploads\/2025\/04\/ArabHealth-24-1-600x400.jpeg\" class=\"background-image wp-post-image\" alt=\"\" \/>                <div class=\"bg-mask\"><i class=\"ti-plus\"><\/i><\/div>\n            <\/div>\n        <\/a>\n        <div class=\"inner-left inner-small\">\n            <div class=\"day\">21<\/div>\n            <div class=\"month\">abr<\/div>\n        <\/div>\n        <div class=\"inner-right inner-small\">\n            <div class=\"post-title\">\n                <h5 class=\"mb0\"><a class=\"link-dark-title\" href=\"https:\/\/tstorthopedics.com\/es\/2024-arab-health-fuari-dubai\/\">2024 Arab Health Expo (Dubai)<\/a><\/h5>            <\/div>\n            <div class=\"entry-meta mt8 mb16 p0\">\n                                    <span class=\"inline-block\"><span>in<\/span><a href=\"https:\/\/tstorthopedics.com\/es\/category\/fairs\/\" rel=\"category tag\">Ferias<\/a><\/span>\n                            <\/div>\n        <\/div>\n        <div class=\"clearfix\"><\/div>\n        <p>[vc_row][vc_column][vc_row_inner][vc_column_inner width=\u00bb2\/3&#8243;][vc_column_text] 2024 Arab Health Expo [\/vc_column_text][vc_column_text]Arab Health 2024 fue una puerta de entrada al mundo&#8230;<\/p>\n    <\/div>\n<\/div><div class=\"post-wrap project\">\n    <div class=\"inner-wrap border-none p0\">\n        <a href=\"https:\/\/tstorthopedics.com\/es\/medica-2024-dusseldorf\/\">\n            <div class=\"post-image bg-overlay mb16\">\n                <img loading=\"lazy\" decoding=\"async\" width=\"600\" height=\"400\" src=\"https:\/\/tstorthopedics.com\/wp-content\/uploads\/2023\/11\/medica-team-600x400.jpg\" class=\"background-image wp-post-image\" alt=\"\" \/>                <div class=\"bg-mask\"><i class=\"ti-plus\"><\/i><\/div>\n            <\/div>\n        <\/a>\n        <div class=\"inner-left inner-small\">\n            <div class=\"day\">21<\/div>\n            <div class=\"month\">abr<\/div>\n        <\/div>\n        <div class=\"inner-right inner-small\">\n            <div class=\"post-title\">\n                <h5 class=\"mb0\"><a class=\"link-dark-title\" href=\"https:\/\/tstorthopedics.com\/es\/medica-2024-dusseldorf\/\">Medica 2024, D\u00fcsseldorf<\/a><\/h5>            <\/div>\n            <div class=\"entry-meta mt8 mb16 p0\">\n                                    <span class=\"inline-block\"><span>in<\/span><a href=\"https:\/\/tstorthopedics.com\/es\/category\/genel\/\" rel=\"category tag\">General<\/a><\/span>\n                            <\/div>\n        <\/div>\n        <div class=\"clearfix\"><\/div>\n        <p>[vc_row][vc_column][vc_row_inner][vc_column_inner width=\u00bb2\/3&#8243;][vc_column_text] Medica 2024, D\u00fcsseldorf [\/vc_column_text][vc_column_text]Reunirse con profesionales de todo el mundo en Medica 2024 fue&#8230;<\/p>\n    <\/div>\n<\/div><div class=\"post-wrap project\">\n    <div class=\"inner-wrap border-none p0\">\n        <a href=\"https:\/\/tstorthopedics.com\/es\/medica-2023-dusseldorf\/\">\n            <div class=\"post-image bg-overlay mb16\">\n                <img loading=\"lazy\" decoding=\"async\" width=\"600\" height=\"400\" src=\"https:\/\/tstorthopedics.com\/wp-content\/uploads\/2023\/11\/medica-team-600x400.jpg\" class=\"background-image wp-post-image\" alt=\"\" \/>                <div class=\"bg-mask\"><i class=\"ti-plus\"><\/i><\/div>\n            <\/div>\n        <\/a>\n        <div class=\"inner-left inner-small\">\n            <div class=\"day\">11<\/div>\n            <div class=\"month\">nov<\/div>\n        <\/div>\n        <div class=\"inner-right inner-small\">\n            <div class=\"post-title\">\n                <h5 class=\"mb0\"><a class=\"link-dark-title\" href=\"https:\/\/tstorthopedics.com\/es\/medica-2023-dusseldorf\/\">Medica 2023, D\u00fcsseldorf<\/a><\/h5>            <\/div>\n            <div class=\"entry-meta mt8 mb16 p0\">\n                                    <span class=\"inline-block\"><span>in<\/span><a href=\"https:\/\/tstorthopedics.com\/es\/category\/genel\/\" rel=\"category tag\">General<\/a><\/span>\n                            <\/div>\n        <\/div>\n        <div class=\"clearfix\"><\/div>\n        <p>[vc_row][vc_column][vc_row_inner][vc_column_inner width=\u00bb2\/3&#8243;][vc_column_text] Medica 2023, D\u00fcsseldorf [\/vc_column_text][vc_column_text]Medica 2023 fue el epicentro de la innovaci\u00f3n en salud! Fue&#8230;<\/p>\n    <\/div>\n<\/div><\/div><\/section>[\/vc_column_inner][\/vc_row_inner][\/vc_column][\/vc_row][vc_row][vc_column][vc_column_text]page is under construction[\/vc_column_text][\/vc_column][\/vc_row]<\/p>","protected":false},"excerpt":{"rendered":"<p>[vc_row full_width=\u00bbstretch_row\u00bb disable_element=\u00bbyes\u00bb][vc_column][\/vc_column][\/vc_row][vc_row disable_element=\u00bbyes\u00bb tlg_padding=\u00bbpt0&#8243; css=\u00bb.vc_custom_1637323215586{padding-top: 30px !important;padding-bottom: 30px !important;background-color: #006ab0 !important;}\u00bb][vc_column width=\u00bb1\/3&#8243;][vc_row_inner][vc_column_inner width=\u00bb1\/4&#8243;][vc_single_image image=\u00bb3950&#8243;][\/vc_column_inner][vc_column_inner width=\u00bb3\/4&#8243;][\/vc_column_inner][\/vc_row_inner][\/vc_column][vc_column&#8230;<\/p>\n","protected":false},"author":1,"featured_media":0,"parent":0,"menu_order":0,"comment_status":"closed","ping_status":"closed","template":"","meta":{"_mc_calendar":[],"footnotes":""},"class_list":["post-4052","page","type-page","status-publish","hentry"],"_links":{"self":[{"href":"https:\/\/tstorthopedics.com\/es\/wp-json\/wp\/v2\/pages\/4052","targetHints":{"allow":["GET"]}}],"collection":[{"href":"https:\/\/tstorthopedics.com\/es\/wp-json\/wp\/v2\/pages"}],"about":[{"href":"https:\/\/tstorthopedics.com\/es\/wp-json\/wp\/v2\/types\/page"}],"author":[{"embeddable":true,"href":"https:\/\/tstorthopedics.com\/es\/wp-json\/wp\/v2\/users\/1"}],"replies":[{"embeddable":true,"href":"https:\/\/tstorthopedics.com\/es\/wp-json\/wp\/v2\/comments?post=4052"}],"version-history":[{"count":21,"href":"https:\/\/tstorthopedics.com\/es\/wp-json\/wp\/v2\/pages\/4052\/revisions"}],"predecessor-version":[{"id":8103,"href":"https:\/\/tstorthopedics.com\/es\/wp-json\/wp\/v2\/pages\/4052\/revisions\/8103"}],"wp:attachment":[{"href":"https:\/\/tstorthopedics.com\/es\/wp-json\/wp\/v2\/media?parent=4052"}],"curies":[{"name":"wp","href":"https:\/\/api.w.org\/{rel}","templated":true}]}}